{"id":48,"date":"2020-04-10T16:41:05","date_gmt":"2020-04-10T16:41:05","guid":{"rendered":"http:\/\/sowohl-ev.de\/?page_id=48"},"modified":"2023-05-17T15:44:41","modified_gmt":"2023-05-17T15:44:41","slug":"finanzierung","status":"publish","type":"page","link":"https:\/\/sowohl-ev.de\/?page_id=48","title":{"rendered":"Finanzielles"},"content":{"rendered":"\n<p>F\u00fcr den Kauf, die Sanierung sowie den bedarfsgerechten Umbau unserer gro\u00dfen, teilweise in die Jahre gekommenen Bestandsimmobilie mussten und m\u00fcssen wir zwangsl\u00e4ufig vergleichsweise hohe Geldbetr\u00e4ge investieren.<\/p>\n\n\n\n<p>Unser Finanzierungskonzept basiert vor allem auf zahlreichen Erfahrungen, die bereits bestehende Wohnprojekte mit derartigen Vorhaben gesammelt haben. Ein gro\u00dfer Teil unserer Investitionssumme f\u00fcr die Immobilie kommt dabei wie \u00fcblich als Kredit von einer Bank. Ein kleinerer Teil unserer Investitionen werden durch private Direktkredite finanziert, die sowohl von uns als Bewohner:innen als auch von Unterst\u00fctzer:innen des Projektes stammen.<\/p>\n\n\n\n<p>Aus den Kapitalkosten errechnet sich zusammen mit den Wohnnebenkosten, Instandhaltungsr\u00fccklagen etc. ein monatlich vom gesamten Projekt aufzubringender Betrag. Das einzelne Projektmitglied zahlt dann &#8211; wie bei anderen Wohnimmobilien \u00fcblich &#8211;  eine monatliche Miete, die der Deckung unserer laufenden Kosten dient. <\/p>\n\n\n\n<p>Regelm\u00e4\u00dfig besteht bei uns z.B. aufgrund notwendiger Umschuldung der Bedarf nach neuen Direktkrediten. Die Kreditsummen beginnen bereits ab 500 Euro. <strong>Wenn du Interesse hast, uns als Projekt mit einem kleineren oder gr\u00f6\u00dferen Betrag zu unterst\u00fctzen, sprich uns bei Gelegenheit gerne an.<\/strong><\/p>\n\n\n\n<p><\/p>\n\n\n\n<p><\/p>\n","protected":false},"excerpt":{"rendered":"<p>F\u00fcr den Kauf, die Sanierung sowie den bedarfsgerechten Umbau unserer gro\u00dfen, teilweise in die Jahre gekommenen Bestandsimmobilie mussten und m\u00fcssen wir zwangsl\u00e4ufig vergleichsweise hohe Geldbetr\u00e4ge investieren. Unser Finanzierungskonzept basiert vor allem auf zahlreichen Erfahrungen, die bereits bestehende Wohnprojekte mit derartigen Vorhaben gesammelt haben. Ein gro\u00dfer Teil unserer Investitionssumme f\u00fcr die Immobilie kommt dabei wie \u00fcblich &hellip; <a href=\"https:\/\/sowohl-ev.de\/?page_id=48\" class=\"more-link\"><span class=\"screen-reader-text\">\u201eFinanzielles\u201c<\/span> weiterlesen<\/a><\/p>\n","protected":false},"author":1,"featured_media":0,"parent":0,"menu_order":0,"comment_status":"closed","ping_status":"closed","template":"","meta":{"footnotes":""},"class_list":["post-48","page","type-page","status-publish","hentry"],"_links":{"self":[{"href":"https:\/\/sowohl-ev.de\/index.php?rest_route=\/wp\/v2\/pages\/48","targetHints":{"allow":["GET"]}}],"collection":[{"href":"https:\/\/sowohl-ev.de\/index.php?rest_route=\/wp\/v2\/pages"}],"about":[{"href":"https:\/\/sowohl-ev.de\/index.php?rest_route=\/wp\/v2\/types\/page"}],"author":[{"embeddable":true,"href":"https:\/\/sowohl-ev.de\/index.php?rest_route=\/wp\/v2\/users\/1"}],"replies":[{"embeddable":true,"href":"https:\/\/sowohl-ev.de\/index.php?rest_route=%2Fwp%2Fv2%2Fcomments&post=48"}],"version-history":[{"count":7,"href":"https:\/\/sowohl-ev.de\/index.php?rest_route=\/wp\/v2\/pages\/48\/revisions"}],"predecessor-version":[{"id":245,"href":"https:\/\/sowohl-ev.de\/index.php?rest_route=\/wp\/v2\/pages\/48\/revisions\/245"}],"wp:attachment":[{"href":"https:\/\/sowohl-ev.de\/index.php?rest_route=%2Fwp%2Fv2%2Fmedia&parent=48"}],"curies":[{"name":"wp","href":"https:\/\/api.w.org\/{rel}","templated":true}]}}