{"id":39,"date":"2020-04-10T16:29:07","date_gmt":"2020-04-10T16:29:07","guid":{"rendered":"http:\/\/sowohl-ev.de\/?page_id=39"},"modified":"2023-05-20T16:20:50","modified_gmt":"2023-05-20T16:20:50","slug":"das-projekt","status":"publish","type":"page","link":"https:\/\/sowohl-ev.de\/?page_id=39","title":{"rendered":"Projekt"},"content":{"rendered":"\n<p>Zum gemeinschaftlichen Leben haben wir uns den gem\u00fctlichen Ort <strong>Br\u00f6then<\/strong> im l\u00e4ndlichen <strong>Schleswig-Holstein<\/strong> ausgesucht. Hier bewohnen wir einen alten Bauernhof. Mit einer guten Anbindung (\u00d6PNV) an die umliegenden St\u00e4dte ist der Weg zur Erwerbsst\u00e4tte, zur Schule oder auch zum n\u00e4chsten kulturellen Angebot nicht weit. <\/p>\n\n\n\n<p>Es besteht so viel Platz auf unserem Hof, dass die individuelle und gemeinschaftliche Fl\u00e4che dynamisch auf die Bed\u00fcrfnisse und W\u00fcnsche der Bewohner:innen angepasst werden kann. Sowohl das Abtrennen kleinerer Wohneinheiten als auch das Zusammenleben mit Nachwuchs ist m\u00f6glich. <\/p>\n\n\n\n<p class=\"has-dark-gray-color has-text-color\">Gleichzeitig bedeutet so ein gro\u00dfes Grundst\u00fcck und Haus nat\u00fcrlich auch jede Menge Arbeit. In den sogenannten <strong>Bauwochen<\/strong> nehmen wir uns bewusst die Zeit, die Geb\u00e4ude instand zu setzen, zu versch\u00f6nern und an unseren Bed\u00fcrfnissen anzupassen. <\/p>\n\n\n\n<figure class=\"wp-block-gallery has-nested-images columns-default is-cropped wp-block-gallery-1 is-layout-flex wp-block-gallery-is-layout-flex\">\n<figure class=\"wp-block-image size-large\"><img loading=\"lazy\" decoding=\"async\" width=\"683\" height=\"1024\" data-id=\"215\" src=\"https:\/\/sowohl-ev.de\/wp-content\/uploads\/2023\/04\/IMG_3863_streichen-1-683x1024.jpg\" alt=\"\" class=\"wp-image-215\" srcset=\"https:\/\/sowohl-ev.de\/wp-content\/uploads\/2023\/04\/IMG_3863_streichen-1-683x1024.jpg 683w, https:\/\/sowohl-ev.de\/wp-content\/uploads\/2023\/04\/IMG_3863_streichen-1-200x300.jpg 200w, https:\/\/sowohl-ev.de\/wp-content\/uploads\/2023\/04\/IMG_3863_streichen-1-768x1152.jpg 768w, https:\/\/sowohl-ev.de\/wp-content\/uploads\/2023\/04\/IMG_3863_streichen-1-1024x1536.jpg 1024w, https:\/\/sowohl-ev.de\/wp-content\/uploads\/2023\/04\/IMG_3863_streichen-1-1365x2048.jpg 1365w, https:\/\/sowohl-ev.de\/wp-content\/uploads\/2023\/04\/IMG_3863_streichen-1-1200x1800.jpg 1200w, https:\/\/sowohl-ev.de\/wp-content\/uploads\/2023\/04\/IMG_3863_streichen-1-scaled.jpg 1707w\" sizes=\"auto, (max-width: 683px) 85vw, 683px\" \/><\/figure>\n\n\n\n<figure class=\"wp-block-image size-large\"><img loading=\"lazy\" decoding=\"async\" width=\"1024\" height=\"683\" data-id=\"213\" src=\"https:\/\/sowohl-ev.de\/wp-content\/uploads\/2023\/04\/IMG_3857_streichen2-1-1024x683.jpg\" alt=\"\" class=\"wp-image-213\" srcset=\"https:\/\/sowohl-ev.de\/wp-content\/uploads\/2023\/04\/IMG_3857_streichen2-1-1024x683.jpg 1024w, https:\/\/sowohl-ev.de\/wp-content\/uploads\/2023\/04\/IMG_3857_streichen2-1-300x200.jpg 300w, https:\/\/sowohl-ev.de\/wp-content\/uploads\/2023\/04\/IMG_3857_streichen2-1-768x512.jpg 768w, https:\/\/sowohl-ev.de\/wp-content\/uploads\/2023\/04\/IMG_3857_streichen2-1-1536x1024.jpg 1536w, https:\/\/sowohl-ev.de\/wp-content\/uploads\/2023\/04\/IMG_3857_streichen2-1-2048x1365.jpg 2048w, https:\/\/sowohl-ev.de\/wp-content\/uploads\/2023\/04\/IMG_3857_streichen2-1-1200x800.jpg 1200w\" sizes=\"auto, (max-width: 709px) 85vw, (max-width: 909px) 67vw, (max-width: 1362px) 62vw, 840px\" \/><\/figure>\n\n\n\n<figure class=\"wp-block-image size-large\"><img loading=\"lazy\" decoding=\"async\" width=\"1024\" height=\"768\" data-id=\"214\" src=\"https:\/\/sowohl-ev.de\/wp-content\/uploads\/2023\/04\/IMG_20220710_151607_bauen-1024x768.jpg\" alt=\"\" class=\"wp-image-214\" srcset=\"https:\/\/sowohl-ev.de\/wp-content\/uploads\/2023\/04\/IMG_20220710_151607_bauen-1024x768.jpg 1024w, https:\/\/sowohl-ev.de\/wp-content\/uploads\/2023\/04\/IMG_20220710_151607_bauen-300x225.jpg 300w, https:\/\/sowohl-ev.de\/wp-content\/uploads\/2023\/04\/IMG_20220710_151607_bauen-768x576.jpg 768w, https:\/\/sowohl-ev.de\/wp-content\/uploads\/2023\/04\/IMG_20220710_151607_bauen-1536x1152.jpg 1536w, https:\/\/sowohl-ev.de\/wp-content\/uploads\/2023\/04\/IMG_20220710_151607_bauen-2048x1536.jpg 2048w, https:\/\/sowohl-ev.de\/wp-content\/uploads\/2023\/04\/IMG_20220710_151607_bauen-1200x900.jpg 1200w\" sizes=\"auto, (max-width: 709px) 85vw, (max-width: 909px) 67vw, (max-width: 1362px) 62vw, 840px\" \/><\/figure>\n<\/figure>\n\n\n\n<p class=\"has-dark-gray-color has-text-color\">Das gemeinsame Tr\u00e4umen, Planen und Anpacken bringt uns n\u00e4her zusammen. Wir arbeiten laufend daran, mit dem Wohnprojekt einen Ort zu schaffen, an dem Solidarit\u00e4t, Gleichberechtigung und gegenseitige R\u00fccksichtnahme greifbar werden. Zum Beispiel laden eine gemeinschaftlich genutzte Werkstatt und ein \u00f6kologisch bewirtschafteter Garten dazu ein, F\u00e4higkeiten miteinander zu teilen. <\/p>\n\n\n\n<p>Regelm\u00e4\u00dfig im Jahr finden unser Punschfest und ein Sommerfest statt. Hier treffen sich Nachbar:innen, Freund:innen, Familie und Unterst\u00fctzer:innen des Projekts. <\/p>\n\n\n\n<figure class=\"wp-block-gallery has-nested-images columns-default is-cropped wp-block-gallery-2 is-layout-flex wp-block-gallery-is-layout-flex\">\n<figure class=\"wp-block-image size-large\"><img loading=\"lazy\" decoding=\"async\" width=\"1024\" height=\"768\" data-id=\"202\" src=\"https:\/\/sowohl-ev.de\/wp-content\/uploads\/2023\/04\/20220611-230756_IMG1_Sommer-1024x768.jpeg\" alt=\"\" class=\"wp-image-202\" srcset=\"https:\/\/sowohl-ev.de\/wp-content\/uploads\/2023\/04\/20220611-230756_IMG1_Sommer-1024x768.jpeg 1024w, https:\/\/sowohl-ev.de\/wp-content\/uploads\/2023\/04\/20220611-230756_IMG1_Sommer-300x225.jpeg 300w, https:\/\/sowohl-ev.de\/wp-content\/uploads\/2023\/04\/20220611-230756_IMG1_Sommer-768x576.jpeg 768w, https:\/\/sowohl-ev.de\/wp-content\/uploads\/2023\/04\/20220611-230756_IMG1_Sommer-1536x1152.jpeg 1536w, https:\/\/sowohl-ev.de\/wp-content\/uploads\/2023\/04\/20220611-230756_IMG1_Sommer-2048x1536.jpeg 2048w, https:\/\/sowohl-ev.de\/wp-content\/uploads\/2023\/04\/20220611-230756_IMG1_Sommer-1200x900.jpeg 1200w\" sizes=\"auto, (max-width: 709px) 85vw, (max-width: 909px) 67vw, (max-width: 1362px) 62vw, 840px\" \/><\/figure>\n\n\n\n<figure class=\"wp-block-image size-large\"><img loading=\"lazy\" decoding=\"async\" width=\"1024\" height=\"576\" data-id=\"203\" src=\"https:\/\/sowohl-ev.de\/wp-content\/uploads\/2023\/04\/PXL_20221217_172010183_punsch-1024x576.jpg\" alt=\"\" class=\"wp-image-203\" srcset=\"https:\/\/sowohl-ev.de\/wp-content\/uploads\/2023\/04\/PXL_20221217_172010183_punsch-1024x576.jpg 1024w, https:\/\/sowohl-ev.de\/wp-content\/uploads\/2023\/04\/PXL_20221217_172010183_punsch-300x169.jpg 300w, https:\/\/sowohl-ev.de\/wp-content\/uploads\/2023\/04\/PXL_20221217_172010183_punsch-768x432.jpg 768w, https:\/\/sowohl-ev.de\/wp-content\/uploads\/2023\/04\/PXL_20221217_172010183_punsch-1536x864.jpg 1536w, https:\/\/sowohl-ev.de\/wp-content\/uploads\/2023\/04\/PXL_20221217_172010183_punsch-2048x1152.jpg 2048w, https:\/\/sowohl-ev.de\/wp-content\/uploads\/2023\/04\/PXL_20221217_172010183_punsch-1200x675.jpg 1200w\" sizes=\"auto, (max-width: 709px) 85vw, (max-width: 909px) 67vw, (max-width: 1362px) 62vw, 840px\" \/><\/figure>\n<\/figure>\n","protected":false},"excerpt":{"rendered":"<p>Zum gemeinschaftlichen Leben haben wir uns den gem\u00fctlichen Ort Br\u00f6then im l\u00e4ndlichen Schleswig-Holstein ausgesucht. Hier bewohnen wir einen alten Bauernhof. Mit einer guten Anbindung (\u00d6PNV) an die umliegenden St\u00e4dte ist der Weg zur Erwerbsst\u00e4tte, zur Schule oder auch zum n\u00e4chsten kulturellen Angebot nicht weit. Es besteht so viel Platz auf unserem Hof, dass die individuelle &hellip; <a href=\"https:\/\/sowohl-ev.de\/?page_id=39\" class=\"more-link\"><span class=\"screen-reader-text\">\u201eProjekt\u201c<\/span> weiterlesen<\/a><\/p>\n","protected":false},"author":1,"featured_media":0,"parent":0,"menu_order":0,"comment_status":"closed","ping_status":"closed","template":"","meta":{"footnotes":""},"class_list":["post-39","page","type-page","status-publish","hentry"],"_links":{"self":[{"href":"https:\/\/sowohl-ev.de\/index.php?rest_route=\/wp\/v2\/pages\/39","targetHints":{"allow":["GET"]}}],"collection":[{"href":"https:\/\/sowohl-ev.de\/index.php?rest_route=\/wp\/v2\/pages"}],"about":[{"href":"https:\/\/sowohl-ev.de\/index.php?rest_route=\/wp\/v2\/types\/page"}],"author":[{"embeddable":true,"href":"https:\/\/sowohl-ev.de\/index.php?rest_route=\/wp\/v2\/users\/1"}],"replies":[{"embeddable":true,"href":"https:\/\/sowohl-ev.de\/index.php?rest_route=%2Fwp%2Fv2%2Fcomments&post=39"}],"version-history":[{"count":39,"href":"https:\/\/sowohl-ev.de\/index.php?rest_route=\/wp\/v2\/pages\/39\/revisions"}],"predecessor-version":[{"id":246,"href":"https:\/\/sowohl-ev.de\/index.php?rest_route=\/wp\/v2\/pages\/39\/revisions\/246"}],"wp:attachment":[{"href":"https:\/\/sowohl-ev.de\/index.php?rest_route=%2Fwp%2Fv2%2Fmedia&parent=39"}],"curies":[{"name":"wp","href":"https:\/\/api.w.org\/{rel}","templated":true}]}}