{"id":25,"date":"2020-04-10T15:25:13","date_gmt":"2020-04-10T15:25:13","guid":{"rendered":"http:\/\/sowohl-ev.de\/?page_id=25"},"modified":"2023-05-14T09:09:32","modified_gmt":"2023-05-14T09:09:32","slug":"die-idee","status":"publish","type":"page","link":"https:\/\/sowohl-ev.de\/?page_id=25","title":{"rendered":"Zukunft und Werte"},"content":{"rendered":"\n<figure class=\"wp-block-image size-large\"><img loading=\"lazy\" decoding=\"async\" width=\"1024\" height=\"576\" src=\"https:\/\/sowohl-ev.de\/wp-content\/uploads\/2023\/04\/DJI_0001_Garten-1024x576.jpg\" alt=\"\" class=\"wp-image-231\" srcset=\"https:\/\/sowohl-ev.de\/wp-content\/uploads\/2023\/04\/DJI_0001_Garten-1024x576.jpg 1024w, https:\/\/sowohl-ev.de\/wp-content\/uploads\/2023\/04\/DJI_0001_Garten-300x169.jpg 300w, https:\/\/sowohl-ev.de\/wp-content\/uploads\/2023\/04\/DJI_0001_Garten-768x432.jpg 768w, https:\/\/sowohl-ev.de\/wp-content\/uploads\/2023\/04\/DJI_0001_Garten-1536x864.jpg 1536w, https:\/\/sowohl-ev.de\/wp-content\/uploads\/2023\/04\/DJI_0001_Garten-2048x1152.jpg 2048w, https:\/\/sowohl-ev.de\/wp-content\/uploads\/2023\/04\/DJI_0001_Garten-1200x675.jpg 1200w\" sizes=\"auto, (max-width: 709px) 85vw, (max-width: 909px) 67vw, (max-width: 1362px) 62vw, 840px\" \/><figcaption class=\"wp-element-caption\">Der Blick \u00fcber unser Grundst\u00fcck hinaus.<\/figcaption><\/figure>\n\n\n\n<p>Mit dem Wohnprojekt <em>SoWohL (Solidarisch Wohnen und Leben) <\/em>wollen wir eine alternative Lebensweise verwirklichen, die eine Schonung von nat\u00fcrlichen Ressourcen beg\u00fcnstigt und gleichzeitig Freir\u00e4ume f\u00fcr individuelle Entfaltung bietet. <\/p>\n\n\n\n<p>Durch die F\u00f6rderung einer lebendigen und pers\u00f6nlichen Nachbarschaft wollen wir einen positiven Beitrag zur Gesellschaft leisten. Wir m\u00f6chten auf privates Eigentum an der Immobilie verzichten, um so ein langfristig gemeinschaftliches Wohnen jenseits privatwirtschaftlicher Profitinteressen zu gew\u00e4hrleisten.<\/p>\n\n\n\n<p>Nicht zuletzt soll uns der Wohnort ein Zuhause bieten, an dem wir uns wohlf\u00fchlen und unseren Projektideen nachgehen k\u00f6nnen. So sehen unsere Vorstellungen etwa ein stets offenes Haus f\u00fcr G\u00e4ste und regelm\u00e4\u00dfige Veranstaltungen innerhalb der Nachbarschaft vor. <\/p>\n\n\n\n<p><\/p>\n","protected":false},"excerpt":{"rendered":"<p>Mit dem Wohnprojekt SoWohL (Solidarisch Wohnen und Leben) wollen wir eine alternative Lebensweise verwirklichen, die eine Schonung von nat\u00fcrlichen Ressourcen beg\u00fcnstigt und gleichzeitig Freir\u00e4ume f\u00fcr individuelle Entfaltung bietet. Durch die F\u00f6rderung einer lebendigen und pers\u00f6nlichen Nachbarschaft wollen wir einen positiven Beitrag zur Gesellschaft leisten. Wir m\u00f6chten auf privates Eigentum an der Immobilie verzichten, um so &hellip; <a href=\"https:\/\/sowohl-ev.de\/?page_id=25\" class=\"more-link\"><span class=\"screen-reader-text\">\u201eZukunft und Werte\u201c<\/span> weiterlesen<\/a><\/p>\n","protected":false},"author":1,"featured_media":0,"parent":0,"menu_order":0,"comment_status":"closed","ping_status":"closed","template":"","meta":{"footnotes":""},"class_list":["post-25","page","type-page","status-publish","hentry"],"_links":{"self":[{"href":"https:\/\/sowohl-ev.de\/index.php?rest_route=\/wp\/v2\/pages\/25","targetHints":{"allow":["GET"]}}],"collection":[{"href":"https:\/\/sowohl-ev.de\/index.php?rest_route=\/wp\/v2\/pages"}],"about":[{"href":"https:\/\/sowohl-ev.de\/index.php?rest_route=\/wp\/v2\/types\/page"}],"author":[{"embeddable":true,"href":"https:\/\/sowohl-ev.de\/index.php?rest_route=\/wp\/v2\/users\/1"}],"replies":[{"embeddable":true,"href":"https:\/\/sowohl-ev.de\/index.php?rest_route=%2Fwp%2Fv2%2Fcomments&post=25"}],"version-history":[{"count":12,"href":"https:\/\/sowohl-ev.de\/index.php?rest_route=\/wp\/v2\/pages\/25\/revisions"}],"predecessor-version":[{"id":241,"href":"https:\/\/sowohl-ev.de\/index.php?rest_route=\/wp\/v2\/pages\/25\/revisions\/241"}],"wp:attachment":[{"href":"https:\/\/sowohl-ev.de\/index.php?rest_route=%2Fwp%2Fv2%2Fmedia&parent=25"}],"curies":[{"name":"wp","href":"https:\/\/api.w.org\/{rel}","templated":true}]}}