{"id":150,"date":"2020-10-26T20:51:47","date_gmt":"2020-10-26T20:51:47","guid":{"rendered":"http:\/\/sowohl-ev.de\/?page_id=150"},"modified":"2024-06-24T19:34:45","modified_gmt":"2024-06-24T19:34:45","slug":"impressum","status":"publish","type":"page","link":"https:\/\/sowohl-ev.de\/?page_id=150","title":{"rendered":"Impressum"},"content":{"rendered":"\n<p><strong>Angaben gem\u00e4\u00df \u00a75 TMG:<\/strong><\/p>\n\n\n\n<p><strong>SoWohL e.V.<\/strong><br>21514 Br\u00f6then<\/p>\n\n\n\n<p><strong>vertreten durch:<\/strong><br>Vereinsvorstand<br> C. Drewitz<br>A. Rynek<br>D. Heinrich<br><\/p>\n\n\n\n<p><strong>Kontakt:<\/strong><br>E-Mail: sowohl@posteo.de<\/p>\n\n\n\n<p><strong>Registereintrag:<\/strong><br> Eintragung im Vereinsregister.<br> Registergericht: Amtsgericht Hamburg<br> Registernummer: VR 24186<\/p>\n\n\n\n<p><strong>Verantwortlich f\u00fcr den Inhalt nach \u00a7 55 Abs. 2 RStV:<\/strong><br>M. Rudolf<\/p>\n\n\n\n<p><strong> Haftung f\u00fcr Inhalte <\/strong><br>Die Informationen auf dieser Website wurden sorgf\u00e4ltig gepr\u00fcft und  werden regelm\u00e4\u00dfig aktualisiert. F\u00fcr die Richtigkeit, Vollst\u00e4ndigkeit und  Aktualit\u00e4t der Inhalte k\u00f6nnen wir jedoch keine Gew\u00e4hr \u00fcbernehmen. Als  Diensteanbieter sind wir gem\u00e4\u00df \u00a7 7 Abs.1 TMG f\u00fcr eigene Inhalte auf  diesen Seiten nach den allgemeinen Gesetzen verantwortlich. Nach \u00a7\u00a7 8  bis 10 TMG sind wir als Dienstleister jedoch nicht verpflichtet,  \u00fcbermittelte oder gespeicherte fremde Informationen zu \u00fcberwachen oder  Umst\u00e4nden zu recherchieren, die auf eine rechtswidrige T\u00e4tigkeit  hinweisen. Verpflichtungen zur Entfernung oder Sperrung der Nutzung von  Informationen nach den allgemeinen Gesetzen bleiben hiervon unber\u00fchrt.  Eine diesbez\u00fcgliche Haftung ist jedoch erst ab dem Zeitpunkt der  Kenntnis einer konkreten Rechtsverletzung m\u00f6glich. Bei Bekanntwerden von  entsprechenden Rechtsverletzungen werden wir diese Inhalte umgehend  entfernen. <br><br><strong>Haftung f\u00fcr Links <\/strong><br>Unser Angebot enth\u00e4lt Links zu externen Internetseiten Dritter, auf  deren Inhalte wir keinen Einfluss haben. Deshalb k\u00f6nnen wir f\u00fcr diese  fremden Inhalte auch keine Haftung oder Gew\u00e4hr \u00fcbernehmen. F\u00fcr die  Inhalte der verlinkten Seiten ist immer der jeweilige Anbieter oder  Betreiber der Seiten verantwortlich. Rechtswidrige Inhalte waren zum  Zeitpunkt der Verlinkung nicht erkennbar. Eine permanente inhaltliche  Kontrolle der verlinkten Seiten ist jedoch ohne konkrete Anhaltspunkte  einer Rechtsverletzung nicht zumutbar. Bei Bekanntwerden von  Rechtsverst\u00f6\u00dfen werden wir derartige Links umgehend entfernen. <\/p>\n\n\n\n<p><strong>Urheberrecht<\/strong><br>\nDie durch die Seitenbetreiber erstellten Inhalte und Werke auf diesen \nSeiten unterliegen dem deutschen Urheberrecht. Die Vervielf\u00e4ltigung, \nBearbeitung, Verbreitung und jede Art der Verwertung au\u00dferhalb der \nGrenzen des Urheberrechtes bed\u00fcrfen der schriftlichen Zustimmung des \njeweiligen Autors bzw. Erstellers. Downloads und Kopien dieser Seite \nsind nur f\u00fcr den privaten, nicht kommerziellen Gebrauch gestattet. \nSoweit die Inhalte auf dieser Seite nicht vom Betreiber erstellt wurden,\n werden die Urheberrechte Dritter beachtet. Insbesondere werden Inhalte \nDritter als solche gekennzeichnet. Sollten Sie trotzdem auf eine \nUrheberrechtsverletzung aufmerksam werden, bitten wir um einen \nentsprechenden Hinweis. Bei Bekanntwerden von Rechtsverletzungen werden \nwir derartige Inhalte umgehend entfernen.\n\n<\/p>\n","protected":false},"excerpt":{"rendered":"<p>Angaben gem\u00e4\u00df \u00a75 TMG: SoWohL e.V.21514 Br\u00f6then vertreten durch:Vereinsvorstand C. DrewitzA. RynekD. Heinrich Kontakt:E-Mail: sowohl@posteo.de Registereintrag: Eintragung im Vereinsregister. Registergericht: Amtsgericht Hamburg Registernummer: VR 24186 Verantwortlich f\u00fcr den Inhalt nach \u00a7 55 Abs. 2 RStV:M. Rudolf Haftung f\u00fcr Inhalte Die Informationen auf dieser Website wurden sorgf\u00e4ltig gepr\u00fcft und werden regelm\u00e4\u00dfig aktualisiert. F\u00fcr die Richtigkeit, Vollst\u00e4ndigkeit &hellip; <a href=\"https:\/\/sowohl-ev.de\/?page_id=150\" class=\"more-link\"><span class=\"screen-reader-text\">\u201eImpressum\u201c<\/span> weiterlesen<\/a><\/p>\n","protected":false},"author":1,"featured_media":0,"parent":0,"menu_order":0,"comment_status":"closed","ping_status":"closed","template":"","meta":{"footnotes":""},"class_list":["post-150","page","type-page","status-publish","hentry"],"_links":{"self":[{"href":"https:\/\/sowohl-ev.de\/index.php?rest_route=\/wp\/v2\/pages\/150","targetHints":{"allow":["GET"]}}],"collection":[{"href":"https:\/\/sowohl-ev.de\/index.php?rest_route=\/wp\/v2\/pages"}],"about":[{"href":"https:\/\/sowohl-ev.de\/index.php?rest_route=\/wp\/v2\/types\/page"}],"author":[{"embeddable":true,"href":"https:\/\/sowohl-ev.de\/index.php?rest_route=\/wp\/v2\/users\/1"}],"replies":[{"embeddable":true,"href":"https:\/\/sowohl-ev.de\/index.php?rest_route=%2Fwp%2Fv2%2Fcomments&post=150"}],"version-history":[{"count":5,"href":"https:\/\/sowohl-ev.de\/index.php?rest_route=\/wp\/v2\/pages\/150\/revisions"}],"predecessor-version":[{"id":249,"href":"https:\/\/sowohl-ev.de\/index.php?rest_route=\/wp\/v2\/pages\/150\/revisions\/249"}],"wp:attachment":[{"href":"https:\/\/sowohl-ev.de\/index.php?rest_route=%2Fwp%2Fv2%2Fmedia&parent=150"}],"curies":[{"name":"wp","href":"https:\/\/api.w.org\/{rel}","templated":true}]}}